{"id":16478,"date":"2026-01-05T15:46:35","date_gmt":"2026-01-05T14:46:35","guid":{"rendered":"https:\/\/www.dvl.education\/product\/institut-vias\/"},"modified":"2026-03-16T20:52:22","modified_gmt":"2026-03-16T19:52:22","slug":"institut-vias","status":"publish","type":"product","link":"https:\/\/www.dvl.education\/fr\/product\/institut-vias\/","title":{"rendered":"Institut VIAS"},"content":{"rendered":"<p><span style=\"color: #ff0000;\"><strong>NOUVELLE DATE:\u00a0 10 06 2026<\/strong><\/span><\/p>\n<p><span style=\"color: #ff0000;\"><strong>13h30\u00a0 &#8211;\u00a0 16h30<\/strong><\/span><\/p>\n<p><strong>GROUPE CIBLE :<\/strong><\/p>\n<p>Accountants et Tax advisors et leur personnel.<br \/>\nAvocats, juristes et leur personnel.<br \/>\nInterm\u00e9diaires d&rsquo;assurance et leur personnel.<br \/>\nLes interm\u00e9diaires en banque et leur personnel.<\/p>\n<p><strong>OBJECTIF :<\/strong><\/p>\n<p>Apprendre les origines et l&rsquo;objectif du VIAS.<br \/>\nRenforcer la s\u00e9curit\u00e9 routi\u00e8re.<\/p>\n<p><strong>SOMMAIRE :<\/strong><\/p>\n<p>Ce webinaire donne un aper\u00e7u des origines, de la mission et du fonctionnement de l&rsquo;institut Vias, et explique comment cet institut de connaissances ind\u00e9pendant est devenu une v\u00e9ritable r\u00e9f\u00e9rence pour les citoyens, les autorit\u00e9s publiques et les entreprises, afin d&rsquo;am\u00e9liorer la s\u00e9curit\u00e9 routi\u00e8re, la mobilit\u00e9, la s\u00e9curit\u00e9 et la sant\u00e9. La campagne \u00ab\u00a0Tous pour z\u00e9ro\u00a0\u00bb sera ensuite expliqu\u00e9e, et nous r\u00e9fl\u00e9chirons \u00e0 la situation exacte de la s\u00e9curit\u00e9 routi\u00e8re sur les routes belges, y compris les cons\u00e9quences (\u00e9conomiques) de ces accidents.<\/p>\n<div id=\"chat\" class=\"flex grow flex-col gap-3 overflow-auto\">\n<div class=\"rounded-2xl px-4 py-3 text-gray-800 bg-[#00359e0d]\">\n<div class=\"flex items-center gap-4\">\n<div class=\"flex flex-col gap-2\">\n<div class=\"prose w-full text-sm leading-6 marker:text-gray-900\">\n<p><strong>Qu&rsquo;est-ce que le VIAS et que fait-il ?<\/strong><\/p>\n<p>L&rsquo;institut VIAS est un institut de connaissances belge ind\u00e9pendant qui se consacre \u00e0 l&rsquo;am\u00e9lioration de la s\u00e9curit\u00e9 routi\u00e8re, de la mobilit\u00e9, de la s\u00e9curit\u00e9 et de la sant\u00e9. Ze doen onderzoek, geven advies en ontwikkelen campagnes voor burgers, bedrijven en overheden. VIAS est surtout connu pour ses campagnes BOB contre l&rsquo;alcool sur la route.<\/p>\n<p><strong>Mission de VIAS<\/strong><\/p>\n<ol>\n<li><strong>S\u00e9curit\u00e9 routi\u00e8re :<\/strong>\n<ul>\n<li>S\u00e9curit\u00e9 routi\u00e8re et recherche sur les changements de comportement.<\/li>\n<li>Supervision et suivi du programme d&rsquo;\u00e9thylotest pour les conducteurs condamn\u00e9s.<\/li>\n<li>Certification des casques et des radars, entre autres.<\/li>\n<\/ul>\n<\/li>\n<li><strong>La s\u00e9curit\u00e9 :<\/strong>\n<ul>\n<li>D\u00e9velopper des solutions technologiques, comme le projet PASSAnT de lutte contre la contrebande portuaire (b\u00e2ches intelligentes, capteurs, cam\u00e9ras).<\/li>\n<li>Recommandations et campagnes sur la s\u00e9curit\u00e9 soci\u00e9tale.<\/li>\n<\/ul>\n<\/li>\n<li><strong>Mobilit\u00e9 :<\/strong>\n<ul>\n<li>\u00c9tudes et conseils autour des nouvelles formes de mobilit\u00e9, telles que les v\u00e9hicules autonomes.<\/li>\n<\/ul>\n<\/li>\n<\/ol>\n<p><strong>Activit\u00e9s compl\u00e9mentaires :<\/strong><\/p>\n<ul>\n<li>VIAS organise des campagnes (telles que l&rsquo;AOP), fait de l&rsquo;endossement et travaille avec les assureurs.<\/li>\n<li>Ils mesurent et analysent le comportement du trafic et les accidents.<\/li>\n<li>Ils conseillent les gouvernements et les entreprises et travaillent sur des solutions innovantes pour une soci\u00e9t\u00e9 plus s\u00fbre.<\/li>\n<\/ul>\n<p><strong>En bref :<\/strong><br \/>\nL&rsquo;institut VIAS travaille \u00e0 l&rsquo;am\u00e9lioration de la s\u00e9curit\u00e9 routi\u00e8re, de la s\u00e9curit\u00e9 sociale et de la mobilit\u00e9 par la recherche, le conseil, l&rsquo;innovation technologique et les campagnes de sensibilisation.<\/p>\n<\/div>\n<div class=\"flex w-full items-center justify-between\">\n<div class=\"flex gap-1\"><\/div>\n<\/div>\n<\/div>\n<\/div>\n<\/div>\n<\/div>\n<p><strong>FORMULE : <\/strong>Webinaire en direct \/ \u00e0 la demande.<\/p>\n<p>L&rsquo;inscription est valable \u00e0 la fois pour le webinaire en direct et pour le format \u00e0 la demande.<br \/>\nApr\u00e8s votre inscription, vous recevrez toujours un lien vers l&rsquo;enregistrement du webinaire en direct.<br \/>\nCe lien (r\u00e9p\u00e9t\u00e9) reste valable pendant 30 jours.<br \/>\n<strong>Vous \u00eates inscrit et vous n&rsquo;avez pas particip\u00e9 au webinaire en direct,<\/strong><br \/>\n<strong>vous recevrez la version \u00e0 la demande dans la semaine suivant le webinaire en direct.<\/strong><\/p>\n<p><strong>PLANIFICATION<\/strong> : 1 session de 3 heures<\/p>\n<p><strong>NOMBRE DE POINTS<\/strong><\/p>\n<p><strong>FSMA<\/strong> points assurance: 3 (g\u00e9n\u00e9ral: 3 sp\u00e9cifique au secteur: 0)<br \/>\n<strong>FSMA <\/strong>points banque: 1 (g\u00e9n\u00e9ral: 1 sp\u00e9cifique au secteur: 0)<br \/>\n<strong>ITAA<\/strong> points: 3 category A pour le live webinar, category B pour la formule on demand.<br \/>\n<strong>OVB<\/strong> punten: 3<\/p>\n<p><strong>DOCENT:\u00a0 <a href=\"https:\/\/www.dvl.education\/fr\/formateurs\/michel-braeckman\/\">Michel Braeckman <\/a><\/strong>met introductie door <strong><a href=\"https:\/\/www.dvl.education\/fr\/formateurs\/luc-devlamynck\/\">Luc Devlamynck<\/a><\/strong><\/p>\n<p><strong>SYLLABUS : <\/strong>copie des diapositives.<\/p>\n<p><strong>CONNAISSANCES DE BASE REQUISES<\/strong>\u00a0: une connaissance limit\u00e9e des assurances est souhaitable.<\/p>\n<p><strong>CEC NIVEAU : 7<\/strong><\/p>\n<p><a href=\"https:\/\/europass.europa.eu\/fr\/outils-europass\/le-cadre-europeen-des-certifications\">Cliquez ici pour plus d\u2019informations sur la structure CEC .<\/a><\/p>\n<p><strong>PREVIEW :<\/strong><\/p>\n<p>pas encore disponible<\/p>\n","protected":false},"excerpt":{"rendered":"<p>DVL326-FR &#8211;\u00a0Ce webinaire donne un aper\u00e7u des origines, de la mission et du fonctionnement de l\u2019institut Vias, et d\u00e9crit comment cet institut de connaissances ind\u00e9pendant est devenu une v\u00e9ritable r\u00e9f\u00e9rence pour les citoyens, les autorit\u00e9s publiques et les entreprises, afin d\u2019am\u00e9liorer la s\u00e9curit\u00e9 routi\u00e8re, la mobilit\u00e9, la s\u00e9curit\u00e9 et la sant\u00e9. <span style=\"color: #ff0000;\">La campagne \u00ab\u00a0All for Zero \u00a0\u00bb<\/span> sera ensuite expliqu\u00e9e, et nous r\u00e9fl\u00e9chirons \u00e0 la situation exacte de la s\u00e9curit\u00e9 routi\u00e8re sur les routes belges, y compris les cons\u00e9quences (\u00e9conomiques) de ces accidents.<\/p>\n","protected":false},"author":3,"featured_media":0,"comment_status":"closed","ping_status":"closed","template":"","meta":{"jetpack_publicize_message":"","jetpack_publicize_feature_enabled":true,"jetpack_social_post_already_shared":true,"jetpack_social_options":{"image_generator_settings":{"template":"highway","default_image_id":0,"font":"","enabled":false},"version":2},"_wpas_customize_per_network":false},"product_brand":[229],"product_cat":[117,124],"product_tag":[97],"class_list":{"0":"post-16478","1":"product","2":"type-product","3":"status-publish","5":"product_brand-michel-braeckman","6":"product_cat-algemeen-fr","7":"product_cat-wetgeving-fr","8":"product_tag-online-fr","10":"first","11":"instock","12":"downloadable","13":"virtual","14":"taxable","15":"purchasable","16":"product-type-simple"},"jetpack_publicize_connections":[],"jetpack_sharing_enabled":true,"_links":{"self":[{"href":"https:\/\/www.dvl.education\/fr\/wp-json\/wp\/v2\/product\/16478","targetHints":{"allow":["GET"]}}],"collection":[{"href":"https:\/\/www.dvl.education\/fr\/wp-json\/wp\/v2\/product"}],"about":[{"href":"https:\/\/www.dvl.education\/fr\/wp-json\/wp\/v2\/types\/product"}],"author":[{"embeddable":true,"href":"https:\/\/www.dvl.education\/fr\/wp-json\/wp\/v2\/users\/3"}],"replies":[{"embeddable":true,"href":"https:\/\/www.dvl.education\/fr\/wp-json\/wp\/v2\/comments?post=16478"}],"wp:attachment":[{"href":"https:\/\/www.dvl.education\/fr\/wp-json\/wp\/v2\/media?parent=16478"}],"wp:term":[{"taxonomy":"product_brand","embeddable":true,"href":"https:\/\/www.dvl.education\/fr\/wp-json\/wp\/v2\/product_brand?post=16478"},{"taxonomy":"product_cat","embeddable":true,"href":"https:\/\/www.dvl.education\/fr\/wp-json\/wp\/v2\/product_cat?post=16478"},{"taxonomy":"product_tag","embeddable":true,"href":"https:\/\/www.dvl.education\/fr\/wp-json\/wp\/v2\/product_tag?post=16478"}],"curies":[{"name":"wp","href":"https:\/\/api.w.org\/{rel}","templated":true}]}}