{"id":16470,"date":"2026-01-05T15:52:06","date_gmt":"2026-01-05T14:52:06","guid":{"rendered":"https:\/\/www.dvl.education\/product\/acces-a-lassurance-agences-de-tarification\/"},"modified":"2026-04-21T11:47:54","modified_gmt":"2026-04-21T09:47:54","slug":"laccessibilite-aux-assurances-et-les-bureaux-de-tarification","status":"publish","type":"product","link":"https:\/\/www.dvl.education\/fr\/product\/laccessibilite-aux-assurances-et-les-bureaux-de-tarification\/","title":{"rendered":"L\u2019accessibilit\u00e9 aux assurances et les bureaux de tarification"},"content":{"rendered":"<p><span style=\"color: #ff0000;\"><strong>NOUVELLE DATE:\u00a0 09 09 2026<\/strong><\/span><\/p>\n<p>&nbsp;<\/p>\n<p><strong>GROUPE CIBLE :<\/strong><\/p>\n<p>Accountants et Tax advisors et leur personnel.<br \/>\nAvocats, juristes et leur personnel.<br \/>\nSyndici et Immo courtiers et leur personnel.<br \/>\nInterm\u00e9diaires d&rsquo;assurance et leur personnel.<br \/>\nLes interm\u00e9diaires en banque et leur personnel.<\/p>\n<p><strong>OBJECTIF :<\/strong><\/p>\n<p>D\u00e9couvrez la tarification des risques difficiles \u00e0 assurer en mati\u00e8re d&rsquo;assurance automobile, de construction, de catastrophes naturelles, d&rsquo;adossement de dettes et d&rsquo;accidents du travail.<br \/>\nApprendre comment un risque refus\u00e9 par un ou plusieurs assureurs peut quand m\u00eame \u00eatre assur\u00e9.<\/p>\n<p><strong>SOMMAIRE :<\/strong><\/p>\n<p>Dans ce webinaire, nous partons de la loi sur les assurances, qui d\u00e9finit les droits et les obligations des parties concern\u00e9es, plus particuli\u00e8rement en ce qui concerne le devoir de divulgation. Mais que se passe-t-il si l&rsquo;assureur ne veut plus vous assurer sur la base de vos d\u00e9clarations, ou seulement moyennant une prime inabordable ? Dans ce cas, une agence de tarification peut faire des miracles ! Tout au long du webinaire, nous vous expliquerons les diff\u00e9rents organismes de tarification : automobile, catastrophes naturelles, construction, solde de la dette (organisme de suivi) et accidents du travail.<\/p>\n<h5><strong>Qu&rsquo;est-ce qu&rsquo;une agence de tarification ?<\/strong><\/h5>\n<p>Une agence de tarification est un organisme qui veille \u00e0 ce que les personnes ou les entreprises qui ont des difficult\u00e9s \u00e0 s&rsquo;assurer puissent quand m\u00eame acc\u00e9der \u00e0 l&rsquo;assurance obligatoire. C&rsquo;est le cas par exemple de l&rsquo;assurance automobile, des catastrophes naturelles, de la construction, de l&rsquo;assurance solde de dette et des accidents du travail.<\/p>\n<h5><strong>Pourquoi les agences de tarification existent-elles ?<\/strong><\/h5>\n<ul>\n<li><strong>Solidarit\u00e9 :<\/strong> ils veillent \u00e0 ce que tout le monde puisse b\u00e9n\u00e9ficier d&rsquo;une assurance, y compris les personnes pr\u00e9sentant un risque accru.<\/li>\n<li><strong>R\u00e9partition des risques :<\/strong> Les risques difficiles sont r\u00e9partis entre plusieurs assureurs.<\/li>\n<li>Acc\u00e8s \u00e0 l&rsquo;assurance : les personnes refus\u00e9es par les assureurs habituels re\u00e7oivent des offres par l&rsquo;interm\u00e9diaire de l&rsquo;agence de tarification.<\/li>\n<\/ul>\n<h5><strong>Exemples d&rsquo;agences de tarification<\/strong><\/h5>\n<ol>\n<li><strong>Voiture :<\/strong> Les personnes \u00e0 qui au moins deux assureurs refusent l&rsquo;assurance automobile obligatoire BA peuvent s&rsquo;adresser au bureau de tarification. Vous recevez une proposition de prime et des conditions suppl\u00e9mentaires (par exemple, prime plus \u00e9lev\u00e9e, exon\u00e9ration, examen m\u00e9dical).<\/li>\n<li><strong>Catastrophes naturelles :<\/strong> assurance contre les inondations, les tremblements de terre, etc. par le biais d&rsquo;une assurance incendie. Dans les zones \u00e0 haut risque, la couverture contre les inondations peut \u00eatre refus\u00e9e pour les nouveaux b\u00e2timents.<\/li>\n<li><strong>Construction :<\/strong> pour une assurance responsabilit\u00e9 d\u00e9cennale obligatoire et une responsabilit\u00e9 professionnelle dans le secteur de la construction.<\/li>\n<li><strong>Schuldsaldoverzekering (SSV) :<\/strong> Pour les personnes pr\u00e9sentant un risque de sant\u00e9 accru (par exemple, apr\u00e8s un cancer). Des l\u00e9gislations telles que le \u00ab\u00a0droit \u00e0 l&rsquo;oubli\u00a0\u00bb et la loi Partyka offrent un meilleur acc\u00e8s et des restrictions sur les primes compl\u00e9mentaires.<\/li>\n<li><strong>Accidents du travail :<\/strong> Les employeurs qui ne trouvent pas d&rsquo;assureur pour les accidents du travail peuvent encore s&rsquo;assurer aupr\u00e8s du bureau de tarification.<\/li>\n<\/ol>\n<h5><strong>Principes fondamentaux<\/strong><\/h5>\n<ul>\n<li><strong>Prime et conditions :<\/strong> L&rsquo;organisme de tarification proposera une prime et d&rsquo;\u00e9ventuelles conditions suppl\u00e9mentaires. La couverture commence apr\u00e8s le paiement.<\/li>\n<li><strong>Dur\u00e9e : Les<\/strong> contrats sont g\u00e9n\u00e9ralement d&rsquo;une dur\u00e9e d&rsquo;un an, ce qui encourage les assur\u00e9s \u00e0 se tourner \u00e0 nouveau vers le march\u00e9 libre.<\/li>\n<li><strong>Fonds de compensation :<\/strong> en cas de primes suppl\u00e9mentaires \u00e9lev\u00e9es (par exemple &gt;75% chez SSV), un fonds de compensation peut intervenir afin que le client ne doive pas tout payer lui-m\u00eame.<\/li>\n<li><strong>L\u00e9gislation :<\/strong> il existe des lois sp\u00e9cifiques visant \u00e0 am\u00e9liorer l&rsquo;acc\u00e8s \u00e0 l&rsquo;assurance, telles que le \u00ab\u00a0droit \u00e0 l&rsquo;oubli\u00a0\u00bb pour les anciens patients atteints de cancer.<\/li>\n<\/ul>\n<h5><strong>Conclusion<\/strong><\/h5>\n<p>Les agences de notation veillent \u00e0 ce que tout le monde ait acc\u00e8s \u00e0 l&rsquo;assurance obligatoire, m\u00eame si le risque est difficile \u00e0 assurer. Elles favorisent la solidarit\u00e9 et r\u00e9partissent la charge entre tous les assureurs.<\/p>\n<p><strong>FORMULE : <\/strong>Webinaire en direct \/ \u00e0 la demande.<\/p>\n<p>L&rsquo;inscription est valable \u00e0 la fois pour le webinaire en direct et pour le format \u00e0 la demande.<br \/>\nApr\u00e8s votre inscription, vous recevrez toujours un lien vers l&rsquo;enregistrement du webinaire en direct.<br \/>\nCe lien (r\u00e9p\u00e9t\u00e9) reste valable pendant 30 jours.<br \/>\n<strong>Vous \u00eates inscrit et vous n&rsquo;avez pas particip\u00e9 au webinaire en direct,<\/strong><br \/>\n<strong>vous recevrez la version \u00e0 la demande dans la semaine suivant le webinaire en direct.<\/strong><\/p>\n<p><strong>PLANIFICATION<\/strong> : 1 session de 3 heures<\/p>\n<p><strong>NOMBRE DE POINTS<\/strong><\/p>\n<p><strong>FSMA points<\/strong> assurance : 3 (g\u00e9n\u00e9ral : 0 sp\u00e9cifique au secteur : 3)<br \/>\n<strong>ITAA<\/strong> points: 3 category A pour le live webinar, category B pour la formule on demand.<br \/>\n<strong>OVB<\/strong> punten: 3<\/p>\n<p><strong>DOCENT: <a href=\"https:\/\/www.dvl.education\/fr\/formateurs\/michel-braeckman\/\">Michel Braeckman <\/a><\/strong>met introductie door <strong><a href=\"https:\/\/www.dvl.education\/fr\/formateurs\/luc-devlamynck\/\">Luc Devlamynck<\/a><\/strong><\/p>\n<p><strong>SYLLABUS : <\/strong>copie des diapositives.<\/p>\n<p><strong>VEREISTE BASISKENNIS:\u00a0 <\/strong>Une connaissance limit\u00e9e des assurances est souhaitable.<\/p>\n<p><strong>CEC NIVEAU : 7<\/strong><\/p>\n<p><a href=\"https:\/\/europass.europa.eu\/fr\/outils-europass\/le-cadre-europeen-des-certifications\">Cliquez ici pour plus d\u2019informations sur la structure CEC .<\/a><\/p>\n<p><strong>PREVIEW :<\/strong><\/p>\n<p>pas encore disponible<\/p>\n","protected":false},"excerpt":{"rendered":"<p>DVL327-FR &#8211;\u00a0Dans ce webinaire, nous partons de la loi sur les assurances, qui d\u00e9finit les droits et les obligations des parties concern\u00e9es, notamment en ce qui concerne le devoir d\u2019information et l\u2019obligation de d\u00e9claration. Mais que se passe-t-il si l\u2019assureur refuse le risque ou l\u2019accepte mais moyennant une prime inabordable ? Dans ce cas, le(s) bureau(x) de tarification peut(vent) apporter des solutions dans certains cas. Tout au long du webinaire, nous vous expliquerons les objectifs et le fonctionnement des diff\u00e9rents bureaux de tarification : automobile, catastrophes naturelles, construction, assurance solde restant du (bureau de suivi) et accidents du travail. Vous apprenez ainsi qu\u2019un risque refus\u00e9 par l\u2019assureur peut, le cas \u00e9ch\u00e9ant, quand m\u00eame \u00eatre assur\u00e9 moyennant le respect de certaines conditions.<\/p>\n","protected":false},"author":3,"featured_media":0,"comment_status":"closed","ping_status":"closed","template":"","meta":{"jetpack_publicize_message":"","jetpack_publicize_feature_enabled":true,"jetpack_social_post_already_shared":true,"jetpack_social_options":{"image_generator_settings":{"template":"highway","default_image_id":0,"font":"","enabled":false},"version":2},"_wpas_customize_per_network":false},"product_brand":[229],"product_cat":[99,111,117,124,126,113,110],"product_tag":[97],"class_list":{"0":"post-16470","1":"product","2":"type-product","3":"status-publish","5":"product_brand-michel-braeckman","6":"product_cat-levensverzekering-fr","7":"product_cat-brand-fr","8":"product_cat-algemeen-fr","9":"product_cat-wetgeving-fr","10":"product_cat-ziekte-ongevallen-fr","11":"product_cat-aansprakelijkheid-fr","12":"product_cat-auto-fr","13":"product_tag-online-fr","15":"first","16":"instock","17":"downloadable","18":"virtual","19":"taxable","20":"purchasable","21":"product-type-simple"},"jetpack_publicize_connections":[],"jetpack_sharing_enabled":true,"_links":{"self":[{"href":"https:\/\/www.dvl.education\/fr\/wp-json\/wp\/v2\/product\/16470","targetHints":{"allow":["GET"]}}],"collection":[{"href":"https:\/\/www.dvl.education\/fr\/wp-json\/wp\/v2\/product"}],"about":[{"href":"https:\/\/www.dvl.education\/fr\/wp-json\/wp\/v2\/types\/product"}],"author":[{"embeddable":true,"href":"https:\/\/www.dvl.education\/fr\/wp-json\/wp\/v2\/users\/3"}],"replies":[{"embeddable":true,"href":"https:\/\/www.dvl.education\/fr\/wp-json\/wp\/v2\/comments?post=16470"}],"wp:attachment":[{"href":"https:\/\/www.dvl.education\/fr\/wp-json\/wp\/v2\/media?parent=16470"}],"wp:term":[{"taxonomy":"product_brand","embeddable":true,"href":"https:\/\/www.dvl.education\/fr\/wp-json\/wp\/v2\/product_brand?post=16470"},{"taxonomy":"product_cat","embeddable":true,"href":"https:\/\/www.dvl.education\/fr\/wp-json\/wp\/v2\/product_cat?post=16470"},{"taxonomy":"product_tag","embeddable":true,"href":"https:\/\/www.dvl.education\/fr\/wp-json\/wp\/v2\/product_tag?post=16470"}],"curies":[{"name":"wp","href":"https:\/\/api.w.org\/{rel}","templated":true}]}}