{"id":11994,"date":"2024-11-18T20:28:22","date_gmt":"2024-11-18T19:33:56","guid":{"rendered":"https:\/\/www.dvl.education\/product\/limite-de-80-dans-le-deuxieme-pilier\/"},"modified":"2025-06-09T15:29:29","modified_gmt":"2025-06-09T13:29:29","slug":"limite-de-80-dans-le-deuxieme-pilier","status":"publish","type":"product","link":"https:\/\/www.dvl.education\/fr\/product\/limite-de-80-dans-le-deuxieme-pilier\/","title":{"rendered":"Limite des 80 % dans le deuxi\u00e8me pilier de pension pour les dirigeants d&rsquo;entreprise ind\u00e9pendants"},"content":{"rendered":"<p>&nbsp;<\/p>\n<p><strong>GROUPE CIBLE :<\/strong><\/p>\n<p>Assureurs et leur personnel.<br \/>\nInterm\u00e9diaires d\u2019assurance et leur personnel.<br \/>\nComptables et conseillers fiscaux et leur personnel.<\/p>\n<p><strong>OBJECTIF :<\/strong><\/p>\n<ul class=\"doelstelling\">\n<li>Acqu\u00e9rir des connaissances sur la r\u00e8gle des 80% dans le deuxi\u00e8me pilier des pensions.<\/li>\n<\/ul>\n<p><strong>SOMMAIRE :<\/strong><\/p>\n<ul class=\"inhoud\">\n<li>Limite des 80% : contexte g\u00e9n\u00e9ral.<\/li>\n<li>Limite des 80% en assurance EIP\u00a0: les param\u00e8tres de calcul.\n<ul>\n<li>Capital pension attendu.<\/li>\n<li>R\u00e9mun\u00e9ration de r\u00e9f\u00e9rence.<\/li>\n<li>Estimation de la pension l\u00e9gale.<\/li>\n<li>Fraction de carri\u00e8re.<\/li>\n<li>Imputation d\u2019autres pensions compl\u00e9mentaires.<\/li>\n<li>Taux de conversion des rentes en capital.<\/li>\n<\/ul>\n<\/li>\n<li>Limite des 80 % en assurance EIP\u00a0: <em>split pay<\/em>.<\/li>\n<li>Limite des 80 % en assurance EIP\u00a0: financement du backservice.<\/li>\n<li>\u2026<\/li>\n<\/ul>\n<p><strong>FORMULE :<\/strong><\/p>\n<p>Formation \u00e0 distance \/ webinaire; avec possibilit\u00e9 de poser des questions au conf\u00e9rencier via micro, chat et Q &amp; A.<\/p>\n<p><strong>PLANIFICATION :<\/strong> 1 session de 3 heures.<\/p>\n<p><strong>NOMBRE DE POINTS :<\/strong> 3 points FSMA assurance.<\/p>\n<p><strong>FORMATEUR<\/strong>: <a href=\"https:\/\/www.dvl.education\/docenten\/paul-van-eesbeeck\/\">Paul Van Eesbeeck<\/a>, introduction par<a href=\"https:\/\/www.dvl.education\/docenten\/luc-devlamynck\/\"> Luc Devlamynck<\/a>.<\/p>\n<p><strong>INFORMATIONS ET COMMANDE DE LIVRES<\/strong><\/p>\n<ul>\n<li style=\"list-style-type: none;\">\n<ul>\n<li>Le livre <strong>\u00ab\u00a0La limite des 80%<\/strong>\u00a0\u00bb de Paul Van Eesbeeck, de 2022 et le livre <strong>\u00ab\u00a0Pensions compl\u00e9mentaires\u00a0: actualit\u00e9s fiscales 2022-2023-2024\u00a0\u00bb<\/strong> de 2023 qui a actualis\u00e9 certains chapitres du livre de base de 2022, tous deux \u00e9crits par Paul Van Eesbeeck, peuvent \u00eatre command\u00e9s en m\u00eame temps que l\u2019inscription \u00e0 ce webinaire \u00e0 un tarif pr\u00e9f\u00e9rentiel.<\/li>\n<li>Le prix de vente normal du livre <strong>\u00ab\u00a0La limite des 80%\u00a0\u00bb<\/strong> de 2022 est de 125 euros TTC. Le prix de vente pour les participants \u00e0 ce s\u00e9minaire est de\u00a0<strong>100 \u20ac TTC<\/strong>.<br \/>\n<form class=\"cart\" style=\"margin-bottom: 0; padding: 0;\" action=\"\" enctype=\"multipart\/form-data\" method=\"post\">\n<div class=\"quantity\"><input class=\"input-text qty text\" max=\"\" min=\"1\" name=\"quantity\" size=\"4\" step=\"1\" type=\"number\" value=\"1\" \/><\/div>\n<p><button class=\"single_add_to_cart_button button alt\" name=\"add-to-cart\" type=\"submit\" value=\"11052\">Commander le livre \u00ab\u00a0La limite des 80%\u00a0\u00bb<\/button><br \/>\n(1 livre maximum par participant)<\/p>\n<\/form>\n<\/li>\n<li>Le prix de vente normal du livre <strong>\u00ab\u00a0Pensions compl\u00e9mentaires\u00a0: actualit\u00e9s fiscales 2022-2023-2024\u00a0\u00bb<\/strong> de 2023 est de 85 euros TTC. Le prix de vente pour les participants \u00e0 ce s\u00e9minaire est de\u00a0<strong>65 \u20ac TTC<\/strong>.<br \/>\n<form class=\"cart\" style=\"margin-bottom: 0; padding: 0;\" action=\"\" enctype=\"multipart\/form-data\" method=\"post\">\n<div class=\"quantity\"><input class=\"input-text qty text\" max=\"\" min=\"1\" name=\"quantity\" size=\"4\" step=\"1\" type=\"number\" value=\"1\" \/><\/div>\n<p><button class=\"single_add_to_cart_button button alt\" name=\"add-to-cart\" type=\"submit\" value=\"11046\">Commander le livre \u00ab\u00a0Pensions compl\u00e9mentaires : actualit\u00e9s fiscales 2022-2023-2024\u00a0\u00bb<\/button><br \/>\n(1 livre maximum par participant)<\/p>\n<\/form>\n<\/li>\n<li>En cas d\u2019achat des deux livres, qui forment un \u2018diptyque\u2019, le prix global est de <strong>150 \u20ac TTC<\/strong>.<br \/>\n<form class=\"cart\" style=\"margin-bottom: 0; padding: 0;\" action=\"\" enctype=\"multipart\/form-data\" method=\"post\">\n<div class=\"quantity\"><input class=\"input-text qty text\" max=\"\" min=\"1\" name=\"quantity\" size=\"4\" step=\"1\" type=\"number\" value=\"1\" \/><\/div>\n<p><button class=\"single_add_to_cart_button button alt\" name=\"add-to-cart\" type=\"submit\" value=\"12206\">Commander les livres \u00ab\u00a0La limite des 80%\u00a0\u00bb et \u00ab\u00a0Pensions compl\u00e9mentaires : actualit\u00e9s fiscales 2022-2023-2024\u00a0\u00bb<\/button><br \/>\n(1 jeu maximum par participant)<\/p>\n<\/form>\n<\/li>\n<li>Le prix du s\u00e9minaire sans achat de livres est de 165 \u20ac HTVA.<\/li>\n<\/ul>\n<\/li>\n<\/ul>\n<p><strong>CONNAISSANCES DE BASE REQUISES :<\/strong><\/p>\n<p>Un minimum de connaissances pr\u00e9alables en mati\u00e8re d&rsquo;assurances-vie est requis.<\/p>\n<p><strong>CEC\u00a0<\/strong>(Cadre Europ\u00e9en des Certifications)<strong>\u00a0NIVEAU : 7<\/strong><\/p>\n<p><a href=\"https:\/\/europass.europa.eu\/fr\/outils-europass\/le-cadre-europeen-des-certifications\">Cliquez ici pour plus d\u2019informations sur la structure CEC.<\/a><\/p>\n<p><strong>SYLLABUS :<\/strong><\/p>\n<p>Copie des diapositives.<br \/>\nLe livre de Paul Van Eesbeeck peut \u00eatre command\u00e9 en m\u00eame temps que l\u2019inscription \u00e0 ce webinaire.<\/p>\n<p>&nbsp;<\/p>\n","protected":false},"excerpt":{"rendered":"<p>DVL233-1-FR &#8211; La limite des 80% continue de faire l\u2019objet d\u2019\u00e2pres discussions entre le fisc et les contribuables, avec une jurisprudence parfois surprenante en toile de fond. Les contr\u00f4les se durcissent, les litiges et redressements se multiplient. Le webinaire se veut de dresser un \u00e9tat des lieux des \u00ab points chauds \u00bb dans l\u2019application de la limite des 80%, en portant aussi un regard prospectif sur la mise en \u0153uvre de la loi sur la transparence en 2026 et ses cons\u00e9quences tentaculaires sur la limite des 80% dont certaines se feront d\u00e9j\u00e0 ressentir en 2025.<\/p>\n","protected":false},"author":3,"featured_media":0,"comment_status":"open","ping_status":"closed","template":"","meta":{"jetpack_publicize_message":"","jetpack_publicize_feature_enabled":true,"jetpack_social_post_already_shared":true,"jetpack_social_options":{"image_generator_settings":{"template":"highway","default_image_id":0,"font":"","enabled":false},"version":2},"_wpas_customize_per_network":false},"product_brand":[147],"product_cat":[99],"product_tag":[141,131,97],"class_list":{"0":"post-11994","1":"product","2":"type-product","3":"status-publish","5":"product_brand-paul-van-eesbeeck","6":"product_cat-levensverzekering-fr","7":"product_tag-fsma-verz-fr","8":"product_tag-itaa-fr","9":"product_tag-online-fr","11":"first","12":"outofstock","13":"virtual","14":"taxable","15":"purchasable","16":"product-type-simple"},"jetpack_publicize_connections":[],"jetpack_sharing_enabled":true,"_links":{"self":[{"href":"https:\/\/www.dvl.education\/fr\/wp-json\/wp\/v2\/product\/11994","targetHints":{"allow":["GET"]}}],"collection":[{"href":"https:\/\/www.dvl.education\/fr\/wp-json\/wp\/v2\/product"}],"about":[{"href":"https:\/\/www.dvl.education\/fr\/wp-json\/wp\/v2\/types\/product"}],"author":[{"embeddable":true,"href":"https:\/\/www.dvl.education\/fr\/wp-json\/wp\/v2\/users\/3"}],"replies":[{"embeddable":true,"href":"https:\/\/www.dvl.education\/fr\/wp-json\/wp\/v2\/comments?post=11994"}],"wp:attachment":[{"href":"https:\/\/www.dvl.education\/fr\/wp-json\/wp\/v2\/media?parent=11994"}],"wp:term":[{"taxonomy":"product_brand","embeddable":true,"href":"https:\/\/www.dvl.education\/fr\/wp-json\/wp\/v2\/product_brand?post=11994"},{"taxonomy":"product_cat","embeddable":true,"href":"https:\/\/www.dvl.education\/fr\/wp-json\/wp\/v2\/product_cat?post=11994"},{"taxonomy":"product_tag","embeddable":true,"href":"https:\/\/www.dvl.education\/fr\/wp-json\/wp\/v2\/product_tag?post=11994"}],"curies":[{"name":"wp","href":"https:\/\/api.w.org\/{rel}","templated":true}]}}